{"id":28,"date":"2020-06-02T15:32:01","date_gmt":"2020-06-02T15:32:01","guid":{"rendered":"https:\/\/geissler-elektronik.de\/?page_id=28"},"modified":"2020-06-17T17:56:17","modified_gmt":"2020-06-17T17:56:17","slug":"ueber-uns","status":"publish","type":"page","link":"https:\/\/geissler-elektronik.de\/index.php\/ueber-uns\/","title":{"rendered":"\u00dcber uns"},"content":{"rendered":"<p><img decoding=\"async\" width=\"120\" height=\"180\" src=\"https:\/\/geissler-elektronik.de\/wp-content\/uploads\/2020\/06\/Geissler_Guenther_001.jpg\" alt=\"\"><\/p>\n<p>Das Ingenieur-B\u00fcro Geissler wurde im November 1999 von Dipl. Ing.(FH) Elektronik G\u00fcnther Geissler gegr\u00fcndet.<\/p>\n<p>Wir sind im S\u00fcdwesten Deutschlands, in der N\u00e4he von Freiburg, ans\u00e4ssig.<\/p>\n<p>Unsere Angebote:<\/p>\n<ul>\n<li>Entwicklung von elektronischen Schaltungen aller Art, bevorzugt mit Microchip PIC-Microcontrollern.<\/li>\n<li>Beschaffung und Wartung von Computern\/Netzwerken im Raum Freiburg, Emmendingen, Waldkirch.<\/li>\n<li>Vermittlung und Anschluss von DSL-Zug\u00e4ngen im oben genannten Einzugsgebiet.<\/li>\n<li>Erstellung und Wartung von Internetseiten<\/li>\n<li>Component management bei elektronischen Bauteilen:<br \/>\nRecherche:<br \/>\n&#8211; 2nd-source<br \/>\n&#8211; RoHS2011\/65\/EU (2015\/863)<\/li>\n<\/ul>\n<p>Vielen Dank f\u00fcr Ihren Besuch auf unserer Website !<\/p>\n","protected":false},"excerpt":{"rendered":"<p>Das Ingenieur-B\u00fcro Geissler wurde im November 1999 von Dipl. Ing.(FH) Elektronik G\u00fcnther Geissler gegr\u00fcndet. Wir sind im S\u00fcdwesten Deutschlands, in der N\u00e4he von Freiburg, ans\u00e4ssig. Unsere Angebote: Entwicklung von elektronischen Schaltungen aller Art, bevorzugt mit Microchip PIC-Microcontrollern. Beschaffung und Wartung von Computern\/Netzwerken im Raum Freiburg, Emmendingen, Waldkirch. Vermittlung und Anschluss von DSL-Zug\u00e4ngen im oben genannten [&hellip;]<\/p>\n","protected":false},"author":1,"featured_media":0,"parent":0,"menu_order":0,"comment_status":"closed","ping_status":"closed","template":"","meta":{"ngg_post_thumbnail":0,"ocean_post_layout":"full-screen","ocean_both_sidebars_style":"","ocean_both_sidebars_content_width":0,"ocean_both_sidebars_sidebars_width":0,"ocean_sidebar":"0","ocean_second_sidebar":"0","ocean_disable_margins":"enable","ocean_add_body_class":"","ocean_shortcode_before_top_bar":"","ocean_shortcode_after_top_bar":"","ocean_shortcode_before_header":"","ocean_shortcode_after_header":"","ocean_has_shortcode":"","ocean_shortcode_after_title":"","ocean_shortcode_before_footer_widgets":"","ocean_shortcode_after_footer_widgets":"","ocean_shortcode_before_footer_bottom":"","ocean_shortcode_after_footer_bottom":"","ocean_display_top_bar":"default","ocean_display_header":"default","ocean_header_style":"","ocean_center_header_left_menu":"0","ocean_custom_header_template":"0","ocean_custom_logo":0,"ocean_custom_retina_logo":0,"ocean_custom_logo_max_width":0,"ocean_custom_logo_tablet_max_width":0,"ocean_custom_logo_mobile_max_width":0,"ocean_custom_logo_max_height":0,"ocean_custom_logo_tablet_max_height":0,"ocean_custom_logo_mobile_max_height":0,"ocean_header_custom_menu":"0","ocean_menu_typo_font_family":"0","ocean_menu_typo_font_subset":"","ocean_menu_typo_font_size":0,"ocean_menu_typo_font_size_tablet":0,"ocean_menu_typo_font_size_mobile":0,"ocean_menu_typo_font_size_unit":"px","ocean_menu_typo_font_weight":"","ocean_menu_typo_font_weight_tablet":"","ocean_menu_typo_font_weight_mobile":"","ocean_menu_typo_transform":"","ocean_menu_typo_transform_tablet":"","ocean_menu_typo_transform_mobile":"","ocean_menu_typo_line_height":0,"ocean_menu_typo_line_height_tablet":0,"ocean_menu_typo_line_height_mobile":0,"ocean_menu_typo_line_height_unit":"","ocean_menu_typo_spacing":0,"ocean_menu_typo_spacing_tablet":0,"ocean_menu_typo_spacing_mobile":0,"ocean_menu_typo_spacing_unit":"","ocean_menu_link_color":"","ocean_menu_link_color_hover":"","ocean_menu_link_color_active":"","ocean_menu_link_background":"","ocean_menu_link_hover_background":"","ocean_menu_link_active_background":"","ocean_menu_social_links_bg":"","ocean_menu_social_hover_links_bg":"","ocean_menu_social_links_color":"","ocean_menu_social_hover_links_color":"","ocean_disable_title":"default","ocean_disable_heading":"default","ocean_post_title":"","ocean_post_subheading":"","ocean_post_title_style":"","ocean_post_title_background_color":"","ocean_post_title_background":0,"ocean_post_title_bg_image_position":"","ocean_post_title_bg_image_attachment":"","ocean_post_title_bg_image_repeat":"","ocean_post_title_bg_image_size":"","ocean_post_title_height":0,"ocean_post_title_bg_overlay":0.5,"ocean_post_title_bg_overlay_color":"","ocean_disable_breadcrumbs":"default","ocean_breadcrumbs_color":"","ocean_breadcrumbs_separator_color":"","ocean_breadcrumbs_links_color":"","ocean_breadcrumbs_links_hover_color":"","ocean_display_footer_widgets":"default","ocean_display_footer_bottom":"default","ocean_custom_footer_template":"0","footnotes":""},"class_list":["post-28","page","type-page","status-publish","hentry","entry"],"yoast_head":"<!-- This site is optimized with the Yoast SEO plugin v26.2 - https:\/\/yoast.com\/wordpress\/plugins\/seo\/ -->\n<title>\u00dcber uns - Geissler Elektronik<\/title>\n<meta name=\"robots\" content=\"index, follow, max-snippet:-1, max-image-preview:large, max-video-preview:-1\" \/>\n<link rel=\"canonical\" href=\"https:\/\/geissler-elektronik.de\/index.php\/ueber-uns\/\" \/>\n<meta property=\"og:locale\" content=\"de_DE\" \/>\n<meta property=\"og:type\" content=\"article\" \/>\n<meta property=\"og:title\" content=\"\u00dcber uns - Geissler Elektronik\" \/>\n<meta property=\"og:description\" content=\"Das Ingenieur-B\u00fcro Geissler wurde im November 1999 von Dipl. Ing.(FH) Elektronik G\u00fcnther Geissler gegr\u00fcndet. Wir sind im S\u00fcdwesten Deutschlands, in der N\u00e4he von Freiburg, ans\u00e4ssig. Unsere Angebote: Entwicklung von elektronischen Schaltungen aller Art, bevorzugt mit Microchip PIC-Microcontrollern. Beschaffung und Wartung von Computern\/Netzwerken im Raum Freiburg, Emmendingen, Waldkirch. Vermittlung und Anschluss von DSL-Zug\u00e4ngen im oben genannten [&hellip;]\" \/>\n<meta property=\"og:url\" content=\"https:\/\/geissler-elektronik.de\/index.php\/ueber-uns\/\" \/>\n<meta property=\"og:site_name\" content=\"Geissler Elektronik\" \/>\n<meta property=\"article:modified_time\" content=\"2020-06-17T17:56:17+00:00\" \/>\n<meta property=\"og:image\" content=\"https:\/\/geissler-elektronik.de\/wp-content\/uploads\/2020\/06\/Geissler_Guenther_001.jpg\" \/>\n<meta name=\"twitter:card\" content=\"summary_large_image\" \/>\n<script type=\"application\/ld+json\" class=\"yoast-schema-graph\">{\"@context\":\"https:\/\/schema.org\",\"@graph\":[{\"@type\":\"WebPage\",\"@id\":\"https:\/\/geissler-elektronik.de\/index.php\/ueber-uns\/\",\"url\":\"https:\/\/geissler-elektronik.de\/index.php\/ueber-uns\/\",\"name\":\"\u00dcber uns - Geissler Elektronik\",\"isPartOf\":{\"@id\":\"https:\/\/geissler-elektronik.de\/#website\"},\"primaryImageOfPage\":{\"@id\":\"https:\/\/geissler-elektronik.de\/index.php\/ueber-uns\/#primaryimage\"},\"image\":{\"@id\":\"https:\/\/geissler-elektronik.de\/index.php\/ueber-uns\/#primaryimage\"},\"thumbnailUrl\":\"https:\/\/geissler-elektronik.de\/wp-content\/uploads\/2020\/06\/Geissler_Guenther_001.jpg\",\"datePublished\":\"2020-06-02T15:32:01+00:00\",\"dateModified\":\"2020-06-17T17:56:17+00:00\",\"breadcrumb\":{\"@id\":\"https:\/\/geissler-elektronik.de\/index.php\/ueber-uns\/#breadcrumb\"},\"inLanguage\":\"de\",\"potentialAction\":[{\"@type\":\"ReadAction\",\"target\":[\"https:\/\/geissler-elektronik.de\/index.php\/ueber-uns\/\"]}]},{\"@type\":\"ImageObject\",\"inLanguage\":\"de\",\"@id\":\"https:\/\/geissler-elektronik.de\/index.php\/ueber-uns\/#primaryimage\",\"url\":\"https:\/\/geissler-elektronik.de\/wp-content\/uploads\/2020\/06\/Geissler_Guenther_001.jpg\",\"contentUrl\":\"https:\/\/geissler-elektronik.de\/wp-content\/uploads\/2020\/06\/Geissler_Guenther_001.jpg\",\"width\":120,\"height\":180},{\"@type\":\"BreadcrumbList\",\"@id\":\"https:\/\/geissler-elektronik.de\/index.php\/ueber-uns\/#breadcrumb\",\"itemListElement\":[{\"@type\":\"ListItem\",\"position\":1,\"name\":\"Home\",\"item\":\"https:\/\/geissler-elektronik.de\/\"},{\"@type\":\"ListItem\",\"position\":2,\"name\":\"\u00dcber uns\"}]},{\"@type\":\"WebSite\",\"@id\":\"https:\/\/geissler-elektronik.de\/#website\",\"url\":\"https:\/\/geissler-elektronik.de\/\",\"name\":\"Geissler Elektronik\",\"description\":\"Mit der Lizenz zum L\u00f6ten\",\"potentialAction\":[{\"@type\":\"SearchAction\",\"target\":{\"@type\":\"EntryPoint\",\"urlTemplate\":\"https:\/\/geissler-elektronik.de\/?s={search_term_string}\"},\"query-input\":{\"@type\":\"PropertyValueSpecification\",\"valueRequired\":true,\"valueName\":\"search_term_string\"}}],\"inLanguage\":\"de\"}]}<\/script>\n<!-- \/ Yoast SEO plugin. -->","yoast_head_json":{"title":"\u00dcber uns - Geissler Elektronik","robots":{"index":"index","follow":"follow","max-snippet":"max-snippet:-1","max-image-preview":"max-image-preview:large","max-video-preview":"max-video-preview:-1"},"canonical":"https:\/\/geissler-elektronik.de\/index.php\/ueber-uns\/","og_locale":"de_DE","og_type":"article","og_title":"\u00dcber uns - Geissler Elektronik","og_description":"Das Ingenieur-B\u00fcro Geissler wurde im November 1999 von Dipl. Ing.(FH) Elektronik G\u00fcnther Geissler gegr\u00fcndet. Wir sind im S\u00fcdwesten Deutschlands, in der N\u00e4he von Freiburg, ans\u00e4ssig. Unsere Angebote: Entwicklung von elektronischen Schaltungen aller Art, bevorzugt mit Microchip PIC-Microcontrollern. Beschaffung und Wartung von Computern\/Netzwerken im Raum Freiburg, Emmendingen, Waldkirch. Vermittlung und Anschluss von DSL-Zug\u00e4ngen im oben genannten [&hellip;]","og_url":"https:\/\/geissler-elektronik.de\/index.php\/ueber-uns\/","og_site_name":"Geissler Elektronik","article_modified_time":"2020-06-17T17:56:17+00:00","og_image":[{"url":"https:\/\/geissler-elektronik.de\/wp-content\/uploads\/2020\/06\/Geissler_Guenther_001.jpg","type":"","width":"","height":""}],"twitter_card":"summary_large_image","schema":{"@context":"https:\/\/schema.org","@graph":[{"@type":"WebPage","@id":"https:\/\/geissler-elektronik.de\/index.php\/ueber-uns\/","url":"https:\/\/geissler-elektronik.de\/index.php\/ueber-uns\/","name":"\u00dcber uns - Geissler Elektronik","isPartOf":{"@id":"https:\/\/geissler-elektronik.de\/#website"},"primaryImageOfPage":{"@id":"https:\/\/geissler-elektronik.de\/index.php\/ueber-uns\/#primaryimage"},"image":{"@id":"https:\/\/geissler-elektronik.de\/index.php\/ueber-uns\/#primaryimage"},"thumbnailUrl":"https:\/\/geissler-elektronik.de\/wp-content\/uploads\/2020\/06\/Geissler_Guenther_001.jpg","datePublished":"2020-06-02T15:32:01+00:00","dateModified":"2020-06-17T17:56:17+00:00","breadcrumb":{"@id":"https:\/\/geissler-elektronik.de\/index.php\/ueber-uns\/#breadcrumb"},"inLanguage":"de","potentialAction":[{"@type":"ReadAction","target":["https:\/\/geissler-elektronik.de\/index.php\/ueber-uns\/"]}]},{"@type":"ImageObject","inLanguage":"de","@id":"https:\/\/geissler-elektronik.de\/index.php\/ueber-uns\/#primaryimage","url":"https:\/\/geissler-elektronik.de\/wp-content\/uploads\/2020\/06\/Geissler_Guenther_001.jpg","contentUrl":"https:\/\/geissler-elektronik.de\/wp-content\/uploads\/2020\/06\/Geissler_Guenther_001.jpg","width":120,"height":180},{"@type":"BreadcrumbList","@id":"https:\/\/geissler-elektronik.de\/index.php\/ueber-uns\/#breadcrumb","itemListElement":[{"@type":"ListItem","position":1,"name":"Home","item":"https:\/\/geissler-elektronik.de\/"},{"@type":"ListItem","position":2,"name":"\u00dcber uns"}]},{"@type":"WebSite","@id":"https:\/\/geissler-elektronik.de\/#website","url":"https:\/\/geissler-elektronik.de\/","name":"Geissler Elektronik","description":"Mit der Lizenz zum L\u00f6ten","potentialAction":[{"@type":"SearchAction","target":{"@type":"EntryPoint","urlTemplate":"https:\/\/geissler-elektronik.de\/?s={search_term_string}"},"query-input":{"@type":"PropertyValueSpecification","valueRequired":true,"valueName":"search_term_string"}}],"inLanguage":"de"}]}},"_links":{"self":[{"href":"https:\/\/geissler-elektronik.de\/index.php\/wp-json\/wp\/v2\/pages\/28","targetHints":{"allow":["GET"]}}],"collection":[{"href":"https:\/\/geissler-elektronik.de\/index.php\/wp-json\/wp\/v2\/pages"}],"about":[{"href":"https:\/\/geissler-elektronik.de\/index.php\/wp-json\/wp\/v2\/types\/page"}],"author":[{"embeddable":true,"href":"https:\/\/geissler-elektronik.de\/index.php\/wp-json\/wp\/v2\/users\/1"}],"replies":[{"embeddable":true,"href":"https:\/\/geissler-elektronik.de\/index.php\/wp-json\/wp\/v2\/comments?post=28"}],"version-history":[{"count":5,"href":"https:\/\/geissler-elektronik.de\/index.php\/wp-json\/wp\/v2\/pages\/28\/revisions"}],"predecessor-version":[{"id":104,"href":"https:\/\/geissler-elektronik.de\/index.php\/wp-json\/wp\/v2\/pages\/28\/revisions\/104"}],"wp:attachment":[{"href":"https:\/\/geissler-elektronik.de\/index.php\/wp-json\/wp\/v2\/media?parent=28"}],"curies":[{"name":"wp","href":"https:\/\/api.w.org\/{rel}","templated":true}]}}